 {"id":8040,"date":"2020-04-07T13:53:27","date_gmt":"2020-04-07T12:53:27","guid":{"rendered":"https:\/\/the7.io\/business-advisors\/?page_id=4"},"modified":"2023-12-13T03:23:54","modified_gmt":"2023-12-13T03:23:54","slug":"homepage","status":"publish","type":"page","link":"https:\/\/ekekooo.cc\/","title":{"rendered":"Homepage"},"content":{"rendered":"<h4>Pr\u00e9stamos personales online y al instante<br \/>\n<\/h4>\n<h4>Solicita tu Pr\u00e9stamo Personal hasta S\/2,000<\/h4>\n<h4>No importa cu\u00e1ndo y d\u00f3nde, descargue la aplicaci\u00f3n para solicitar un pr\u00e9stamo. Recomendable al 100%, el dep\u00f3sito fue r\u00e1pido.<\/h4>\n<p>\t\t\t<a href=\"https:\/\/bit.ly\/471BLH3%20\">SOLICITAR PR\u00c9STAMO<\/a><br \/>\n\t\t\t\t\t\t\t\t\t\t\t\t\t\t\t<img decoding=\"async\" src=\"http:\/\/ekekooo.cc\/wp-content\/uploads\/elementor\/thumbs\/1-puznpop4nbdz0c1n94eeja55sp3b9hj1aqy7vd5kpc.png\" title=\"1\" alt=\"1\" \/><br \/>\n\t\t\t<svg xmlns=\"http:\/\/www.w3.org\/2000\/svg\" xmlns:xlink=\"http:\/\/www.w3.org\/1999\/xlink\" id=\"Layer_1\" x=\"0px\" y=\"0px\" viewBox=\"0 0 300 300\" style=\"enable-background:new 0 0 300 300;\" xml:space=\"preserve\">\n<path id=\"blob_1_\" d=\"M105.6,279.6C57.8,254.6,25.7,215,9.4,160.6s1-90.1,51.7-107s94.1-28.9,130.5-35.8s64.9,5.9,86,38.4  c21.1,32.4,24.4,64.8,10.1,96.9c-14.3,32.1-36.3,67.5-66,106.2S153.4,304.5,105.6,279.6z\"><\/path>\n<\/svg><br \/>\n\t\t\t<svg xmlns=\"http:\/\/www.w3.org\/2000\/svg\" xmlns:xlink=\"http:\/\/www.w3.org\/1999\/xlink\" id=\"Layer_1\" x=\"0px\" y=\"0px\" viewBox=\"0 0 300 300\" style=\"enable-background:new 0 0 300 300;\" xml:space=\"preserve\"><\/p>\n<style type=\"text\/css\">\n\t.st0{display:none;}\n<\/style>\n<path id=\"blob_3_\" d=\"M267.5,196.1c-22.9,31.1-59.2,59-108.1,84.2c-51.9,20.3-95,12.9-131.1-42  c-32.1-48.8-29.1-90.2,14.5-132.1C86.4,64.1,138.5,35,194.6,15c44.9-16,84.9,2.6,93.6,47.9C298.5,122.7,293.2,161.3,267.5,196.1z\"><\/path>\n<path id=\"blob\" d=\"M268.7,201.4c-24,30.7-60.8,58.2-110.5,82.5s-93.1,8.9-130.2-46s-31.1-99.5,18-133.5S146.7,40.8,200.5,16  s84.7-7.8,92.5,51.1S292.7,170.7,268.7,201.4z\"><\/path>\n<\/svg>\t\t\t<\/p>\n<h2>El mejor pr\u00e9stamo en l\u00ednea<br \/>\n<\/h2>\n<p>\t\t\t\t\t\t\t\t\t\t\t\t\t\t\t\t\t<a ><br \/>\n\t\t\t\t\t\t\t\t\t<\/a>\t\t\t\t\t\t\t\t\t\t\t\t\t\t\t\t<\/p>\n<h4>\n\t\t\t\t\t\t\t\t\t\t\t<a >\t\t\t\t\t\t\t\t\t\t\t\t100% seguro y fiable\t\t\t\t\t\t\t\t\t\t\t<\/a>\t\t\t\t\t\t\t\t\t\t<\/h4>\n<p>\t\t\t\t\t\t\t\t\t\t\t\t\t\t\t\t\t\t\t\t\t\t\t\t\t\t\t\tUtilizamos las m\u00e1s avanzadas herramientas de encriptaci\u00f3n de datos para asegurar tu privacidad<br \/>\n\t\t\t\t\t\t\t\t\t\t\t\t\t\t\t\t\t<a ><br \/>\n\t\t\t\t\t\t\t\t\t<\/a>\t\t\t\t\t\t\t\t\t\t\t\t\t\t\t\t<\/p>\n<h4>\n\t\t\t\t\t\t\t\t\t\t\t<a >\t\t\t\t\t\t\t\t\t\t\t\tM\u00e1s conveniente\t\t\t\t\t\t\t\t\t\t\t<\/a>\t\t\t\t\t\t\t\t\t\t<\/h4>\n<p>\t\t\t\t\t\t\t\t\t\t\t\t\t\t\t\t\t\t\t\t\t\t\t\t\t\t\t\tTodo digital y sin papeleos. \u00a1Puedes hacer tu solicitud en l\u00ednea en cualquier momento!<br \/>\n\t\t\t\t\t\t\t\t\t\t\t\t\t\t\t\t\t<a ><br \/>\n\t\t\t\t\t\t\t\t\t<\/a>\t\t\t\t\t\t\t\t\t\t\t\t\t\t\t\t<\/p>\n<h4>\n\t\t\t\t\t\t\t\t\t\t\t<a >\t\t\t\t\t\t\t\t\t\t\t\tServicio de calidad \t\t\t\t\t\t\t\t\t\t\t<\/a>\t\t\t\t\t\t\t\t\t\t<\/h4>\n<p>\t\t\t\t\t\t\t\t\t\t\t\t\t\t\t\t\t\t\t\t\t\t\t\t\t\t\t\tOfrece los mejores servicios de prestamo al cliente, tasas de interes bajas y sin cargos ocultos.<br \/>\n\t\t\t\t\t\t\t\t\t\t\t\t\t\t\t<img decoding=\"async\" src=\"http:\/\/ekekooo.cc\/wp-content\/uploads\/elementor\/thumbs\/2-puznquzv6uzvisc7e4om5hgwj1atvv6ygkb2gteuxc.png\" title=\"2\" alt=\"2\" \/><br \/>\n\t\t\t<svg xmlns=\"http:\/\/www.w3.org\/2000\/svg\" xmlns:xlink=\"http:\/\/www.w3.org\/1999\/xlink\" id=\"Layer_1\" x=\"0px\" y=\"0px\" viewBox=\"0 0 300 300\" style=\"enable-background:new 0 0 300 300;\" xml:space=\"preserve\"><\/p>\n<style type=\"text\/css\">\n\t.st0{display:none;}\n<\/style>\n<path id=\"blob_3_\" d=\"M267.5,196.1c-22.9,31.1-59.2,59-108.1,84.2c-51.9,20.3-95,12.9-131.1-42  c-32.1-48.8-29.1-90.2,14.5-132.1C86.4,64.1,138.5,35,194.6,15c44.9-16,84.9,2.6,93.6,47.9C298.5,122.7,293.2,161.3,267.5,196.1z\"><\/path>\n<path id=\"blob\" d=\"M268.7,201.4c-24,30.7-60.8,58.2-110.5,82.5s-93.1,8.9-130.2-46s-31.1-99.5,18-133.5S146.7,40.8,200.5,16  s84.7-7.8,92.5,51.1S292.7,170.7,268.7,201.4z\"><\/path>\n<\/svg><br \/>\n\t\t\t<svg xmlns=\"http:\/\/www.w3.org\/2000\/svg\" xmlns:xlink=\"http:\/\/www.w3.org\/1999\/xlink\" id=\"Layer_1\" x=\"0px\" y=\"0px\" viewBox=\"0 0 300 300\" style=\"enable-background:new 0 0 300 300;\" xml:space=\"preserve\">\n<path id=\"blob_1_\" d=\"M105.6,279.6C57.8,254.6,25.7,215,9.4,160.6s1-90.1,51.7-107s94.1-28.9,130.5-35.8s64.9,5.9,86,38.4  c21.1,32.4,24.4,64.8,10.1,96.9c-14.3,32.1-36.3,67.5-66,106.2S153.4,304.5,105.6,279.6z\"><\/path>\n<\/svg>\t\t\t<\/p>\n<h3>\u00bfPor qu\u00e9 elegir Ekeko?<\/h3>\n<h4>Ekeko es un socio financiero centrado en el cliente y queremos ser capaces de ofrecer un cr\u00e9dito r\u00e1pido, fiable y asequible a todos nuestros clientes solventes para todas sus necesidades.<\/h4>\n<ul>\n<li>\n\t\t\t\t\t\t\t\t\t\tCr\u00e9ditos r\u00e1pidos de hasta S\/2,000\n\t\t\t\t\t\t\t\t\t<\/li>\n<li>\n\t\t\t\t\t\t\t\t\t\t\u00dasalo con confianza durante 270 d\u00edas\n\t\t\t\t\t\t\t\t\t<\/li>\n<li>\n\t\t\t\t\t\t\t\t\t\tTe transferimos el dinero en menos de 5 mins\n\t\t\t\t\t\t\t\t\t<\/li>\n<li>\n\t\t\t\t\t\t\t\t\t\tTu pr\u00e9stamo online r\u00e1pido, sin aval y sin papeleos\n\t\t\t\t\t\t\t\t\t<\/li>\n<li>\n\t\t\t\t\t\t\t\t\t\tSin letra peque\u00f1a, con total transparencia y seguridad\n\t\t\t\t\t\t\t\t\t<\/li>\n<\/ul>\n<p>\t\t\t\t\t\t\t\t\t\t\t\t\t\t\t<img decoding=\"async\" width=\"1024\" height=\"683\" src=\"http:\/\/ekekooo.cc\/wp-content\/uploads\/2022\/09\/1200-800-1024x683.png\" alt=\"\" loading=\"lazy\" srcset=\"https:\/\/ekekooo.cc\/wp-content\/uploads\/2022\/09\/1200-800-1024x683.png 1024w, https:\/\/ekekooo.cc\/wp-content\/uploads\/2022\/09\/1200-800-300x200.png 300w, https:\/\/ekekooo.cc\/wp-content\/uploads\/2022\/09\/1200-800-768x512.png 768w, https:\/\/ekekooo.cc\/wp-content\/uploads\/2022\/09\/1200-800-1000x667.png 1000w, https:\/\/ekekooo.cc\/wp-content\/uploads\/2022\/09\/1200-800.png 1200w\" sizes=\"auto, (max-width: 1024px) 100vw, 1024px\" \/>\t\t\t\t\t\t\t\t\t\t\t\t\t\t\t<\/p>\n<h2>Primera opci\u00f3n para dinero urgente!<\/h2>\n<h5>Solicita un pr\u00e9stamo y se te depositar\u00e1 enseguida<\/h5>\n<p>\t\t\t<a href=\"https:\/\/play.google.com\/store\/apps\/details?id=com.ekeko.prestamos\" role=\"button\"><br \/>\n\t\t\t\t\t\tDESCARGA EKEKO<br \/>\n\t\t\t\t\t<\/a><\/p>\n<h2>Obtenga su dinero en 3 pasos <\/h2>\n<p>\t\t\t <img loading=\"lazy\" decoding=\"async\" src=\"data:image\/svg+xml,%3Csvg%20xmlns%3D&#39;http%3A%2F%2Fwww.w3.org%2F2000%2Fsvg&#39;%20viewBox%3D&#39;0%200%20768%20384&#39;%2F%3E\" data-src=\"http:\/\/ekekooo.cc\/wp-content\/uploads\/2022\/09\/step1-768x384.png\" data-srcset=\"http:\/\/ekekooo.cc\/wp-content\/uploads\/2022\/09\/step1-768x384.png 768w, http:\/\/ekekooo.cc\/wp-content\/uploads\/2022\/09\/step1.png 800w\" alt=\"\" title=\"step1\" width=\"768\" height=\"384\"  \/><\/p>\n<h4 >Solicita tu pr\u00e9stamo<\/h4>\n<p>Todo lo que necesita para aplicar es subir tu INE y n\u00famero de tel\u00e9fono. <img loading=\"lazy\" decoding=\"async\" src=\"data:image\/svg+xml,%3Csvg%20xmlns%3D&#39;http%3A%2F%2Fwww.w3.org%2F2000%2Fsvg&#39;%20viewBox%3D&#39;0%200%20768%20384&#39;%2F%3E\" data-src=\"http:\/\/ekekooo.cc\/wp-content\/uploads\/2022\/09\/step2-768x384.png\" data-srcset=\"http:\/\/ekekooo.cc\/wp-content\/uploads\/2022\/09\/step2-768x384.png 768w, http:\/\/ekekooo.cc\/wp-content\/uploads\/2022\/09\/step2.png 800w\" alt=\"\" title=\"step2\" width=\"768\" height=\"384\"  \/><\/p>\n<h4 >Verifica tu identidad<\/h4>\n<p>Una vez aprobado tu pr\u00e9stamo, te transferimos el dinero r\u00e1pidamente.<a href=\"https:\/\/ekekooo.cc\/project\/project002\/\"> <img loading=\"lazy\" decoding=\"async\" src=\"data:image\/svg+xml,%3Csvg%20xmlns%3D&#39;http%3A%2F%2Fwww.w3.org%2F2000%2Fsvg&#39;%20viewBox%3D&#39;0%200%20768%20384&#39;%2F%3E\" data-src=\"http:\/\/ekekooo.cc\/wp-content\/uploads\/2022\/09\/step3-768x384.png\" data-srcset=\"http:\/\/ekekooo.cc\/wp-content\/uploads\/2022\/09\/step3-768x384.png 768w, http:\/\/ekekooo.cc\/wp-content\/uploads\/2022\/09\/step3.png 800w\" alt=\"\" title=\"step3\" width=\"768\" height=\"384\"  \/><\/a><\/p>\n<h4 ><a href=\"https:\/\/ekekooo.cc\/project\/project002\/\">Ya tienes tu pr\u00e9stamo<\/a><\/h4>\n<p>Ahora puedes gestionar tu cr\u00e9dito de manera f\u00e1cil y r\u00e1pida.<a role=\"button\"><\/a><a role=\"button\"><\/a>\t\t<\/p>\n<h2>Comentarios de usuarios sobre Ekeko<\/h2>\n<p>\t\t\t <img loading=\"lazy\" decoding=\"async\" src=\"data:image\/svg+xml,%3Csvg%20xmlns%3D&#39;http%3A%2F%2Fwww.w3.org%2F2000%2Fsvg&#39;%20viewBox%3D&#39;0%200%20400%20400&#39;%2F%3E\" data-src=\"http:\/\/ekekooo.cc\/wp-content\/uploads\/2022\/09\/avt2-400x400.png\" data-srcset=\"http:\/\/ekekooo.cc\/wp-content\/uploads\/2022\/09\/avt2-400x400.png 400w\" alt=\"\" title=\"avt2\" width=\"400\" height=\"400\"  \/><\/p>\n<h4 >Fabian Reyes Espejel<\/h4>\n<p>Excelente aplicaci\u00f3n de pr\u00e9stamos, muy confiable, la recomiendo 100% si tienes alguna duda o tienes alg\u00fan problema con los dep\u00f3sitos o pagos para ayudarte a dar una soluci\u00f3n. Lo recomiendo al 100%. <img loading=\"lazy\" decoding=\"async\" src=\"data:image\/svg+xml,%3Csvg%20xmlns%3D&#39;http%3A%2F%2Fwww.w3.org%2F2000%2Fsvg&#39;%20viewBox%3D&#39;0%200%20400%20400&#39;%2F%3E\" data-src=\"http:\/\/ekekooo.cc\/wp-content\/uploads\/2022\/09\/avt1-400x400.png\" data-srcset=\"http:\/\/ekekooo.cc\/wp-content\/uploads\/2022\/09\/avt1-400x400.png 400w\" alt=\"\" title=\"avt1\" width=\"400\" height=\"400\"  \/><\/p>\n<h4 >Alicia Rocha<\/h4>\n<p>Son una de las pocas aplicaciones que me han ayudado con mis problemas financieros, autorizan r\u00e1pidamente y sin problemas. el asesor que me apoy\u00f3 siempre fue muy atento y se comport\u00f3 amablemente.  <img loading=\"lazy\" decoding=\"async\" src=\"data:image\/svg+xml,%3Csvg%20xmlns%3D&#39;http%3A%2F%2Fwww.w3.org%2F2000%2Fsvg&#39;%20viewBox%3D&#39;0%200%20400%20400&#39;%2F%3E\" data-src=\"http:\/\/ekekooo.cc\/wp-content\/uploads\/2022\/09\/avt4-400x400.png\" data-srcset=\"http:\/\/ekekooo.cc\/wp-content\/uploads\/2022\/09\/avt4-400x400.png 400w\" alt=\"\" title=\"avt4\" width=\"400\" height=\"400\"  \/><\/p>\n<h4 >Blanka Rodriguez<\/h4>\n<p>Creo que en muy poco tiempo esta aplicaci\u00f3n se ha convertido en un verdadero amigo que me necesita, ya que pude solucionar todos mis problemas financieros con la ayuda de planes de pr\u00e9stamos instant\u00e1neos. <img loading=\"lazy\" decoding=\"async\" src=\"data:image\/svg+xml,%3Csvg%20xmlns%3D&#39;http%3A%2F%2Fwww.w3.org%2F2000%2Fsvg&#39;%20viewBox%3D&#39;0%200%20400%20400&#39;%2F%3E\" data-src=\"http:\/\/ekekooo.cc\/wp-content\/uploads\/2022\/09\/avt3-400x400.png\" data-srcset=\"http:\/\/ekekooo.cc\/wp-content\/uploads\/2022\/09\/avt3-400x400.png 400w\" alt=\"\" title=\"avt3\" width=\"400\" height=\"400\"  \/><\/p>\n<h4 >Rosy Palacios<\/h4>\n<p>Excelente recurso, me ayud\u00f3 a quedarme atascado. Esta aplicaci\u00f3n es genial, te ayuda a administrar tus objetivos financieros y a mantenerte al d\u00eda.<a role=\"button\"><\/a><a role=\"button\"><\/a>\t\t<\/p>\n<h2>Sobre Nosotros<\/h2>\n<h4><font color=\"#0f191e\" face=\"Montserrat, Arial, sans-serif\">\u00bfNecesita un pr\u00e9stamo personal instant\u00e1neo en caso de emergencias urgentes? Llegue la mejor aplicaci\u00f3n de pr\u00e9stamos personales en Per\u00fa.<\/font><font color=\"#0f191e\" face=\"Montserrat, Arial, sans-serif\"><br \/><\/font><font color=\"#0f191e\" face=\"Montserrat, Arial, sans-serif\">EKeko fue creado para darte dinero r\u00e1pido. Dinero r\u00e1pido significa que obtendr\u00e1 su pr\u00e9stamo en su cuenta bancaria en 30 minutos.&nbsp;<\/font><font color=\"#0f191e\" face=\"Montserrat, Arial, sans-serif\"><br \/><\/font><font color=\"#0f191e\" face=\"Montserrat, Arial, sans-serif\">\u00a1Haga su pr\u00e9stamo en l\u00ednea es muy sencillo! Solo tiene que tener una cuenta bancaria&nbsp; y&nbsp; DNI. Para pedir su cr\u00e9dito debe seleccionar cuanto desea pedir, en cuanto tiempo quiere pagar su mini cr\u00e9dito, como quiere hacer sus pago, completar sus datos personales e ingresar los datos de la cuenta bancaria en la cual recibir\u00e1 su pr\u00e9stamo.&nbsp;<\/font><\/h4>\n<p>\t\t\t\t\t\t\t\t\t\t\t\t\t\t\t<img decoding=\"async\" src=\"http:\/\/ekekooo.cc\/wp-content\/uploads\/elementor\/thumbs\/3-puznvl4njvgrw7h2so836sjc1s09l2ydfydybweln4.png\" title=\"3\" alt=\"3\" \/><br \/>\n\t\t\t<svg xmlns=\"http:\/\/www.w3.org\/2000\/svg\" xmlns:xlink=\"http:\/\/www.w3.org\/1999\/xlink\" id=\"Layer_1\" x=\"0px\" y=\"0px\" viewBox=\"0 0 300 300\" style=\"enable-background:new 0 0 300 300;\" xml:space=\"preserve\">\n<path id=\"blob_1_\" d=\"M268.7,219.8c-35.6,39.3-78.2,62.7-127.8,70.1c-49.6,7.4-87.5-12.2-113.5-58.9S-2,131.7,17.4,73.4  S74.3-3.9,129.7,16.4S231,65.8,267.4,103.8S304.2,180.6,268.7,219.8z\"><\/path>\n<\/svg><br \/>\n\t\t\t<svg xmlns=\"http:\/\/www.w3.org\/2000\/svg\" xmlns:xlink=\"http:\/\/www.w3.org\/1999\/xlink\" id=\"Layer_1\" x=\"0px\" y=\"0px\" viewBox=\"0 0 300 300\" style=\"enable-background:new 0 0 300 300;\" xml:space=\"preserve\">\n<path id=\"blob\" d=\"M276.4,229.6c-24.3,42.3-57,56.9-98.3,43.8s-86.4-34.3-135.2-63.4s-51.6-63.3-8.4-102.3s90.5-63.9,141.6-74.7  s86.7,8.7,106.7,58.5S300.6,187.3,276.4,229.6z\"><\/path>\n<\/svg><\/p>\n","protected":false},"excerpt":{"rendered":"<p>Pr\u00e9stamos personales online y al instante Solicita tu Pr\u00e9stamo Personal hasta S\/2,000 No importa cu\u00e1ndo y d\u00f3nde, descargue la aplicaci\u00f3n para solicitar un pr\u00e9stamo. Recomendable al 100%, el dep\u00f3sito fue r\u00e1pido. SOLICITAR PR\u00c9STAMO El mejor pr\u00e9stamo en l\u00ednea 100% seguro y fiable Utilizamos las m\u00e1s avanzadas herramientas de encriptaci\u00f3n de datos para asegurar tu privacidad&hellip;<\/p>\n","protected":false},"author":1,"featured_media":0,"parent":0,"menu_order":2,"comment_status":"closed","ping_status":"closed","template":"elementor_header_footer","meta":{"om_disable_all_campaigns":false,"_monsterinsights_skip_tracking":false,"_monsterinsights_sitenote_active":false,"_monsterinsights_sitenote_note":"","_monsterinsights_sitenote_category":0,"footnotes":""},"class_list":["post-8040","page","type-page","status-publish","hentry","description-off"],"aioseo_notices":[],"_links":{"self":[{"href":"https:\/\/ekekooo.cc\/index.php\/wp-json\/wp\/v2\/pages\/8040","targetHints":{"allow":["GET"]}}],"collection":[{"href":"https:\/\/ekekooo.cc\/index.php\/wp-json\/wp\/v2\/pages"}],"about":[{"href":"https:\/\/ekekooo.cc\/index.php\/wp-json\/wp\/v2\/types\/page"}],"author":[{"embeddable":true,"href":"https:\/\/ekekooo.cc\/index.php\/wp-json\/wp\/v2\/users\/1"}],"replies":[{"embeddable":true,"href":"https:\/\/ekekooo.cc\/index.php\/wp-json\/wp\/v2\/comments?post=8040"}],"version-history":[{"count":114,"href":"https:\/\/ekekooo.cc\/index.php\/wp-json\/wp\/v2\/pages\/8040\/revisions"}],"predecessor-version":[{"id":8503,"href":"https:\/\/ekekooo.cc\/index.php\/wp-json\/wp\/v2\/pages\/8040\/revisions\/8503"}],"wp:attachment":[{"href":"https:\/\/ekekooo.cc\/index.php\/wp-json\/wp\/v2\/media?parent=8040"}],"curies":[{"name":"wp","href":"https:\/\/api.w.org\/{rel}","templated":true}]}}